{"id":301,"date":"2026-03-21T01:13:05","date_gmt":"2026-03-20T22:13:05","guid":{"rendered":"https:\/\/www.atikpastanesi.com.tr\/?post_type=product&#038;p=301"},"modified":"2026-03-21T01:13:05","modified_gmt":"2026-03-20T22:13:05","slug":"tacli-simli-tasarim","status":"publish","type":"product","link":"https:\/\/www.atikpastanesi.com.tr\/index.php\/urun\/tacli-simli-tasarim\/","title":{"rendered":"Ta\u00e7l\u0131 Simli Tasar\u0131m"},"content":{"rendered":"","protected":false},"excerpt":{"rendered":"","protected":false},"featured_media":302,"comment_status":"open","ping_status":"closed","template":"","meta":{"_kad_post_transparent":"default","_kad_post_title":"","_kad_post_layout":"default","_kad_post_sidebar_id":"","_kad_post_content_style":"default","_kad_post_vertical_padding":"default","_kad_post_feature":"","_kad_post_feature_position":"","_kad_post_header":false,"_kad_post_footer":false,"_kad_post_classname":""},"product_brand":[],"product_cat":[19],"product_tag":[],"class_list":{"0":"post-301","1":"product","2":"type-product","3":"status-publish","4":"has-post-thumbnail","6":"product_cat-pasta","8":"first","9":"instock","10":"taxable","11":"shipping-taxable","12":"purchasable","13":"product-type-simple","14":"entry","15":"content-bg","16":"loop-entry"},"_links":{"self":[{"href":"https:\/\/www.atikpastanesi.com.tr\/index.php\/wp-json\/wp\/v2\/product\/301","targetHints":{"allow":["GET"]}}],"collection":[{"href":"https:\/\/www.atikpastanesi.com.tr\/index.php\/wp-json\/wp\/v2\/product"}],"about":[{"href":"https:\/\/www.atikpastanesi.com.tr\/index.php\/wp-json\/wp\/v2\/types\/product"}],"replies":[{"embeddable":true,"href":"https:\/\/www.atikpastanesi.com.tr\/index.php\/wp-json\/wp\/v2\/comments?post=301"}],"version-history":[{"count":1,"href":"https:\/\/www.atikpastanesi.com.tr\/index.php\/wp-json\/wp\/v2\/product\/301\/revisions"}],"predecessor-version":[{"id":303,"href":"https:\/\/www.atikpastanesi.com.tr\/index.php\/wp-json\/wp\/v2\/product\/301\/revisions\/303"}],"wp:featuredmedia":[{"embeddable":true,"href":"https:\/\/www.atikpastanesi.com.tr\/index.php\/wp-json\/wp\/v2\/media\/302"}],"wp:attachment":[{"href":"https:\/\/www.atikpastanesi.com.tr\/index.php\/wp-json\/wp\/v2\/media?parent=301"}],"wp:term":[{"taxonomy":"product_brand","embeddable":true,"href":"https:\/\/www.atikpastanesi.com.tr\/index.php\/wp-json\/wp\/v2\/product_brand?post=301"},{"taxonomy":"product_cat","embeddable":true,"href":"https:\/\/www.atikpastanesi.com.tr\/index.php\/wp-json\/wp\/v2\/product_cat?post=301"},{"taxonomy":"product_tag","embeddable":true,"href":"https:\/\/www.atikpastanesi.com.tr\/index.php\/wp-json\/wp\/v2\/product_tag?post=301"}],"curies":[{"name":"wp","href":"https:\/\/api.w.org\/{rel}","templated":true}]}}