{"id":298,"date":"2026-03-21T01:12:00","date_gmt":"2026-03-20T22:12:00","guid":{"rendered":"https:\/\/www.atikpastanesi.com.tr\/?post_type=product&#038;p=298"},"modified":"2026-03-21T01:12:00","modified_gmt":"2026-03-20T22:12:00","slug":"yazili-retro-pasta-senden-once","status":"publish","type":"product","link":"https:\/\/www.atikpastanesi.com.tr\/index.php\/urun\/yazili-retro-pasta-senden-once\/","title":{"rendered":"Yaz\u0131l\u0131 Retro Pasta Senden \u00d6nce"},"content":{"rendered":"","protected":false},"excerpt":{"rendered":"","protected":false},"featured_media":299,"comment_status":"open","ping_status":"closed","template":"","meta":{"_kad_post_transparent":"default","_kad_post_title":"","_kad_post_layout":"default","_kad_post_sidebar_id":"","_kad_post_content_style":"default","_kad_post_vertical_padding":"default","_kad_post_feature":"","_kad_post_feature_position":"","_kad_post_header":false,"_kad_post_footer":false,"_kad_post_classname":""},"product_brand":[],"product_cat":[19],"product_tag":[],"class_list":{"0":"post-298","1":"product","2":"type-product","3":"status-publish","4":"has-post-thumbnail","6":"product_cat-pasta","8":"first","9":"instock","10":"taxable","11":"shipping-taxable","12":"purchasable","13":"product-type-simple","14":"entry","15":"content-bg","16":"loop-entry"},"_links":{"self":[{"href":"https:\/\/www.atikpastanesi.com.tr\/index.php\/wp-json\/wp\/v2\/product\/298","targetHints":{"allow":["GET"]}}],"collection":[{"href":"https:\/\/www.atikpastanesi.com.tr\/index.php\/wp-json\/wp\/v2\/product"}],"about":[{"href":"https:\/\/www.atikpastanesi.com.tr\/index.php\/wp-json\/wp\/v2\/types\/product"}],"replies":[{"embeddable":true,"href":"https:\/\/www.atikpastanesi.com.tr\/index.php\/wp-json\/wp\/v2\/comments?post=298"}],"version-history":[{"count":1,"href":"https:\/\/www.atikpastanesi.com.tr\/index.php\/wp-json\/wp\/v2\/product\/298\/revisions"}],"predecessor-version":[{"id":300,"href":"https:\/\/www.atikpastanesi.com.tr\/index.php\/wp-json\/wp\/v2\/product\/298\/revisions\/300"}],"wp:featuredmedia":[{"embeddable":true,"href":"https:\/\/www.atikpastanesi.com.tr\/index.php\/wp-json\/wp\/v2\/media\/299"}],"wp:attachment":[{"href":"https:\/\/www.atikpastanesi.com.tr\/index.php\/wp-json\/wp\/v2\/media?parent=298"}],"wp:term":[{"taxonomy":"product_brand","embeddable":true,"href":"https:\/\/www.atikpastanesi.com.tr\/index.php\/wp-json\/wp\/v2\/product_brand?post=298"},{"taxonomy":"product_cat","embeddable":true,"href":"https:\/\/www.atikpastanesi.com.tr\/index.php\/wp-json\/wp\/v2\/product_cat?post=298"},{"taxonomy":"product_tag","embeddable":true,"href":"https:\/\/www.atikpastanesi.com.tr\/index.php\/wp-json\/wp\/v2\/product_tag?post=298"}],"curies":[{"name":"wp","href":"https:\/\/api.w.org\/{rel}","templated":true}]}}